{"id":11828,"date":"2024-07-18T14:23:32","date_gmt":"2024-07-18T06:23:32","guid":{"rendered":"https:\/\/www.major-flooring.com\/pisos-madera-ingenieria-con-diseno-en-espiga-gris\/"},"modified":"2024-07-18T14:23:32","modified_gmt":"2024-07-18T06:23:32","slug":"pisos-madera-ingenieria-con-diseno-en-espiga-gris","status":"publish","type":"product","link":"https:\/\/www.major-flooring.com\/es\/pisos-madera-ingenieria-con-diseno-en-espiga-gris\/","title":{"rendered":"Pisos madera ingenier\u00eda con dise\u00f1o en espiga gris"},"content":{"rendered":"<table>\n<tbody>\n<tr>\n<td>Par\u00e1metro<\/td>\n<td>Descripci\u00f3n<\/td>\n<\/tr>\n<tr>\n<td>Patr\u00f3n<\/td>\n<td>Espiga<\/td>\n<\/tr>\n<tr>\n<td>Color<\/td>\n<td>Gris<\/td>\n<\/tr>\n<tr>\n<td>Material<\/td>\n<td>Madera de ingenier\u00eda<\/td>\n<\/tr>\n<tr>\n<td>Tama\u00f1o de la plancha<\/td>\n<td>Varios (por ejemplo, 12&#8243; x 2,75&#8243;)<\/td>\n<\/tr>\n<tr>\n<td>Espesor<\/td>\n<td>Opciones disponibles (por ejemplo, 12 mm, 14 mm)<\/td>\n<\/tr>\n<tr>\n<td>Acabado superficial<\/td>\n<td>Mate, Satinado, Brillante<\/td>\n<\/tr>\n<tr>\n<td>M\u00e9todo de instalaci\u00f3n<\/td>\n<td>Cierre de clic<\/td>\n<\/tr>\n<tr>\n<td>Mantenimiento<\/td>\n<td>Bajo mantenimiento, f\u00e1cil de limpiar<\/td>\n<\/tr>\n<tr>\n<td>Medio ambiente<\/td>\n<td>Ecol\u00f3gico, bajo en COV<\/td>\n<\/tr>\n<\/tbody>\n<\/table>\n","protected":false},"excerpt":{"rendered":"<p>Patr\u00f3n: Espiga Color: Gris Dise\u00f1o elegante: Un sofisticado patr\u00f3n de espiga realza la est\u00e9tica. Construcci\u00f3n: Resistente a la deformaci\u00f3n y la humedad <\/p>\n","protected":false},"featured_media":11199,"template":"","meta":{"site-sidebar-layout":"default","site-content-layout":"","ast-site-content-layout":"default","site-content-style":"default","site-sidebar-style":"default","ast-global-header-display":"","ast-banner-title-visibility":"","ast-main-header-display":"","ast-hfb-above-header-display":"","ast-hfb-below-header-display":"","ast-hfb-mobile-header-display":"","site-post-title":"","ast-breadcrumbs-content":"","ast-featured-img":"","footer-sml-layout":"","theme-transparent-header-meta":"default","adv-header-id-meta":"","stick-header-meta":"default","header-above-stick-meta":"","header-main-stick-meta":"","header-below-stick-meta":"","astra-migrate-meta-layouts":"default","ast-page-background-enabled":"default","ast-page-background-meta":{"desktop":{"background-color":"","background-image":"","background-repeat":"repeat","background-position":"center center","background-size":"auto","background-attachment":"scroll","background-type":"","background-media":"","overlay-type":"","overlay-color":"","overlay-opacity":"","overlay-gradient":""},"tablet":{"background-color":"","background-image":"","background-repeat":"repeat","background-position":"center center","background-size":"auto","background-attachment":"scroll","background-type":"","background-media":"","overlay-type":"","overlay-color":"","overlay-opacity":"","overlay-gradient":""},"mobile":{"background-color":"","background-image":"","background-repeat":"repeat","background-position":"center center","background-size":"auto","background-attachment":"scroll","background-type":"","background-media":"","overlay-type":"","overlay-color":"","overlay-opacity":"","overlay-gradient":""}},"ast-content-background-meta":{"desktop":{"background-color":"var(--ast-global-color-5)","background-image":"","background-repeat":"repeat","background-position":"center center","background-size":"auto","background-attachment":"scroll","background-type":"","background-media":"","overlay-type":"","overlay-color":"","overlay-opacity":"","overlay-gradient":""},"tablet":{"background-color":"var(--ast-global-color-5)","background-image":"","background-repeat":"repeat","background-position":"center center","background-size":"auto","background-attachment":"scroll","background-type":"","background-media":"","overlay-type":"","overlay-color":"","overlay-opacity":"","overlay-gradient":""},"mobile":{"background-color":"var(--ast-global-color-5)","background-image":"","background-repeat":"repeat","background-position":"center center","background-size":"auto","background-attachment":"scroll","background-type":"","background-media":"","overlay-type":"","overlay-color":"","overlay-opacity":"","overlay-gradient":""}}},"product_brand":[],"product_cat":[89],"product_tag":[],"class_list":{"0":"post-11828","1":"product","2":"type-product","3":"status-publish","4":"has-post-thumbnail","6":"product_cat-por-patron","7":"desktop-align-left","8":"tablet-align-left","9":"mobile-align-left","10":"ast-product-gallery-layout-horizontal-slider","11":"ast-product-tabs-layout-horizontal","13":"first","14":"instock","15":"shipping-taxable","16":"product-type-simple"},"_links":{"self":[{"href":"https:\/\/www.major-flooring.com\/es\/wp-json\/wp\/v2\/product\/11828","targetHints":{"allow":["GET"]}}],"collection":[{"href":"https:\/\/www.major-flooring.com\/es\/wp-json\/wp\/v2\/product"}],"about":[{"href":"https:\/\/www.major-flooring.com\/es\/wp-json\/wp\/v2\/types\/product"}],"wp:featuredmedia":[{"embeddable":true,"href":"https:\/\/www.major-flooring.com\/es\/wp-json\/wp\/v2\/media\/11199"}],"wp:attachment":[{"href":"https:\/\/www.major-flooring.com\/es\/wp-json\/wp\/v2\/media?parent=11828"}],"wp:term":[{"taxonomy":"product_brand","embeddable":true,"href":"https:\/\/www.major-flooring.com\/es\/wp-json\/wp\/v2\/product_brand?post=11828"},{"taxonomy":"product_cat","embeddable":true,"href":"https:\/\/www.major-flooring.com\/es\/wp-json\/wp\/v2\/product_cat?post=11828"},{"taxonomy":"product_tag","embeddable":true,"href":"https:\/\/www.major-flooring.com\/es\/wp-json\/wp\/v2\/product_tag?post=11828"}],"curies":[{"name":"wp","href":"https:\/\/api.w.org\/{rel}","templated":true}]}}